{"id":702,"date":"2023-01-06T16:25:15","date_gmt":"2023-01-06T19:25:15","guid":{"rendered":"https:\/\/www.marketingdigitalrecife.com.br\/projetos\/london-toys\/?post_type=product&#038;p=702"},"modified":"2023-01-06T16:26:34","modified_gmt":"2023-01-06T19:26:34","slug":"nome-do-produto-2","status":"publish","type":"product","link":"https:\/\/www.marketingdigitalrecife.com.br\/projetos\/london-toys\/produto\/nome-do-produto-2\/","title":{"rendered":"Nome do Produto"},"content":{"rendered":"<p>Este \u00e9 um texto meramente fict\u00edcio \u2013 que est\u00e1 sendo usado como demonstrativo do local que seus TEXTOS OFICIAIS ficar\u00e3o. \u00c9 de inteira responsabilidade do cliente que essas \u00e1reas sejam preenchidas com informa\u00e7\u00f5es repassadas ao SETOR DE CRIA\u00c7\u00c3O. Desconsidere o valor dessas informa\u00e7\u00f5es. Lembre-se: o preenchimento dessa \u00e1rea \u00e9 de responsabilidade do cliente.<\/p>\n","protected":false},"excerpt":{"rendered":"<p>Este \u00e9 um texto meramente fict\u00edcio \u2013 que est\u00e1 sendo usado como demonstrativo do local que seus TEXTOS OFICIAIS ficar\u00e3o. \u00c9 de inteira responsabilidade do cliente que essas \u00e1reas sejam preenchidas com informa\u00e7\u00f5es repassadas ao SETOR DE CRIA\u00c7\u00c3O. Desconsidere o valor dessas informa\u00e7\u00f5es. Lembre-se: o preenchimento dessa \u00e1rea \u00e9 de responsabilidade do cliente.<\/p>\n","protected":false},"featured_media":425,"comment_status":"open","ping_status":"closed","template":"","meta":{"_joinchat":[]},"product_brand":[],"product_cat":[50,57,55,54,53,48,49,56,44,43,46,47,52,51],"product_tag":[],"filtro-dos-produtos-na-home":[65,64,66],"marcas":[63,58,60,62,59,61],"class_list":{"0":"post-702","1":"product","2":"type-product","3":"status-publish","4":"has-post-thumbnail","6":"product_cat-barbie","7":"product_cat-bebes","8":"product_cat-bonecas","9":"product_cat-bonecos","10":"product_cat-carrinhos","11":"product_cat-dc-comics","12":"product_cat-disney","13":"product_cat-esportes","14":"product_cat-games","15":"product_cat-importados","16":"product_cat-lancamentos","17":"product_cat-marvel","18":"product_cat-patrulha-canina","19":"product_cat-variedades","20":"filtro-dos-produtos-na-home-brinquedos","21":"filtro-dos-produtos-na-home-oferta","22":"filtro-dos-produtos-na-home-promocoes-e-novidades","23":"marcas-candide","24":"marcas-estrela","25":"marcas-fisher-price","26":"marcas-hasbro","27":"marcas-lego","28":"marcas-mattel","29":"wpbf-post","32":"instock","33":"shipping-taxable","34":"purchasable","35":"product-type-simple"},"yoast_head":"<!-- This site is optimized with the Yoast SEO plugin v26.1.1 - https:\/\/yoast.com\/wordpress\/plugins\/seo\/ -->\n<title>Nome do Produto - London Toys<\/title>\n<meta name=\"robots\" content=\"index, follow, max-snippet:-1, max-image-preview:large, max-video-preview:-1\" \/>\n<link rel=\"canonical\" href=\"https:\/\/www.marketingdigitalrecife.com.br\/projetos\/london-toys\/produto\/nome-do-produto-2\/\" \/>\n<meta property=\"og:locale\" content=\"pt_BR\" \/>\n<meta property=\"og:type\" content=\"article\" \/>\n<meta property=\"og:title\" content=\"Nome do Produto - London Toys\" \/>\n<meta property=\"og:description\" content=\"Este \u00e9 um texto meramente fict\u00edcio \u2013 que est\u00e1 sendo usado como demonstrativo do local que seus TEXTOS OFICIAIS ficar\u00e3o. \u00c9 de inteira responsabilidade do cliente que essas \u00e1reas sejam preenchidas com informa\u00e7\u00f5es repassadas ao SETOR DE CRIA\u00c7\u00c3O. Desconsidere o valor dessas informa\u00e7\u00f5es. Lembre-se: o preenchimento dessa \u00e1rea \u00e9 de responsabilidade do cliente.\" \/>\n<meta property=\"og:url\" content=\"https:\/\/www.marketingdigitalrecife.com.br\/projetos\/london-toys\/produto\/nome-do-produto-2\/\" \/>\n<meta property=\"og:site_name\" content=\"London Toys\" \/>\n<meta property=\"article:modified_time\" content=\"2023-01-06T19:26:34+00:00\" \/>\n<meta property=\"og:image\" content=\"https:\/\/www.marketingdigitalrecife.com.br\/projetos\/london-toys\/wp-content\/uploads\/2023\/01\/produto.png\" \/>\n\t<meta property=\"og:image:width\" content=\"191\" \/>\n\t<meta property=\"og:image:height\" content=\"191\" \/>\n\t<meta property=\"og:image:type\" content=\"image\/png\" \/>\n<meta name=\"twitter:card\" content=\"summary_large_image\" \/>\n<meta name=\"twitter:label1\" content=\"Est. tempo de leitura\" \/>\n\t<meta name=\"twitter:data1\" content=\"1 minuto\" \/>\n<script type=\"application\/ld+json\" class=\"yoast-schema-graph\">{\"@context\":\"https:\/\/schema.org\",\"@graph\":[{\"@type\":\"WebPage\",\"@id\":\"https:\/\/www.marketingdigitalrecife.com.br\/projetos\/london-toys\/produto\/nome-do-produto-2\/\",\"url\":\"https:\/\/www.marketingdigitalrecife.com.br\/projetos\/london-toys\/produto\/nome-do-produto-2\/\",\"name\":\"Nome do Produto - London Toys\",\"isPartOf\":{\"@id\":\"https:\/\/www.marketingdigitalrecife.com.br\/projetos\/london-toys\/#website\"},\"primaryImageOfPage\":{\"@id\":\"https:\/\/www.marketingdigitalrecife.com.br\/projetos\/london-toys\/produto\/nome-do-produto-2\/#primaryimage\"},\"image\":{\"@id\":\"https:\/\/www.marketingdigitalrecife.com.br\/projetos\/london-toys\/produto\/nome-do-produto-2\/#primaryimage\"},\"thumbnailUrl\":\"https:\/\/www.marketingdigitalrecife.com.br\/projetos\/london-toys\/wp-content\/uploads\/2023\/01\/produto.png\",\"datePublished\":\"2023-01-06T19:25:15+00:00\",\"dateModified\":\"2023-01-06T19:26:34+00:00\",\"breadcrumb\":{\"@id\":\"https:\/\/www.marketingdigitalrecife.com.br\/projetos\/london-toys\/produto\/nome-do-produto-2\/#breadcrumb\"},\"inLanguage\":\"pt-BR\",\"potentialAction\":[{\"@type\":\"ReadAction\",\"target\":[\"https:\/\/www.marketingdigitalrecife.com.br\/projetos\/london-toys\/produto\/nome-do-produto-2\/\"]}]},{\"@type\":\"ImageObject\",\"inLanguage\":\"pt-BR\",\"@id\":\"https:\/\/www.marketingdigitalrecife.com.br\/projetos\/london-toys\/produto\/nome-do-produto-2\/#primaryimage\",\"url\":\"https:\/\/www.marketingdigitalrecife.com.br\/projetos\/london-toys\/wp-content\/uploads\/2023\/01\/produto.png\",\"contentUrl\":\"https:\/\/www.marketingdigitalrecife.com.br\/projetos\/london-toys\/wp-content\/uploads\/2023\/01\/produto.png\",\"width\":191,\"height\":191},{\"@type\":\"BreadcrumbList\",\"@id\":\"https:\/\/www.marketingdigitalrecife.com.br\/projetos\/london-toys\/produto\/nome-do-produto-2\/#breadcrumb\",\"itemListElement\":[{\"@type\":\"ListItem\",\"position\":1,\"name\":\"Home\",\"item\":\"https:\/\/www.marketingdigitalrecife.com.br\/projetos\/london-toys\/\"},{\"@type\":\"ListItem\",\"position\":2,\"name\":\"Loja\",\"item\":\"https:\/\/www.marketingdigitalrecife.com.br\/projetos\/london-toys\/loja\/\"},{\"@type\":\"ListItem\",\"position\":3,\"name\":\"Nome do Produto\"}]},{\"@type\":\"WebSite\",\"@id\":\"https:\/\/www.marketingdigitalrecife.com.br\/projetos\/london-toys\/#website\",\"url\":\"https:\/\/www.marketingdigitalrecife.com.br\/projetos\/london-toys\/\",\"name\":\"London Toys\",\"description\":\"London Toys\",\"potentialAction\":[{\"@type\":\"SearchAction\",\"target\":{\"@type\":\"EntryPoint\",\"urlTemplate\":\"https:\/\/www.marketingdigitalrecife.com.br\/projetos\/london-toys\/?s={search_term_string}\"},\"query-input\":{\"@type\":\"PropertyValueSpecification\",\"valueRequired\":true,\"valueName\":\"search_term_string\"}}],\"inLanguage\":\"pt-BR\"}]}<\/script>\n<!-- \/ Yoast SEO plugin. -->","yoast_head_json":{"title":"Nome do Produto - London Toys","robots":{"index":"index","follow":"follow","max-snippet":"max-snippet:-1","max-image-preview":"max-image-preview:large","max-video-preview":"max-video-preview:-1"},"canonical":"https:\/\/www.marketingdigitalrecife.com.br\/projetos\/london-toys\/produto\/nome-do-produto-2\/","og_locale":"pt_BR","og_type":"article","og_title":"Nome do Produto - London Toys","og_description":"Este \u00e9 um texto meramente fict\u00edcio \u2013 que est\u00e1 sendo usado como demonstrativo do local que seus TEXTOS OFICIAIS ficar\u00e3o. \u00c9 de inteira responsabilidade do cliente que essas \u00e1reas sejam preenchidas com informa\u00e7\u00f5es repassadas ao SETOR DE CRIA\u00c7\u00c3O. Desconsidere o valor dessas informa\u00e7\u00f5es. Lembre-se: o preenchimento dessa \u00e1rea \u00e9 de responsabilidade do cliente.","og_url":"https:\/\/www.marketingdigitalrecife.com.br\/projetos\/london-toys\/produto\/nome-do-produto-2\/","og_site_name":"London Toys","article_modified_time":"2023-01-06T19:26:34+00:00","og_image":[{"width":191,"height":191,"url":"https:\/\/www.marketingdigitalrecife.com.br\/projetos\/london-toys\/wp-content\/uploads\/2023\/01\/produto.png","type":"image\/png"}],"twitter_card":"summary_large_image","twitter_misc":{"Est. tempo de leitura":"1 minuto"},"schema":{"@context":"https:\/\/schema.org","@graph":[{"@type":"WebPage","@id":"https:\/\/www.marketingdigitalrecife.com.br\/projetos\/london-toys\/produto\/nome-do-produto-2\/","url":"https:\/\/www.marketingdigitalrecife.com.br\/projetos\/london-toys\/produto\/nome-do-produto-2\/","name":"Nome do Produto - London Toys","isPartOf":{"@id":"https:\/\/www.marketingdigitalrecife.com.br\/projetos\/london-toys\/#website"},"primaryImageOfPage":{"@id":"https:\/\/www.marketingdigitalrecife.com.br\/projetos\/london-toys\/produto\/nome-do-produto-2\/#primaryimage"},"image":{"@id":"https:\/\/www.marketingdigitalrecife.com.br\/projetos\/london-toys\/produto\/nome-do-produto-2\/#primaryimage"},"thumbnailUrl":"https:\/\/www.marketingdigitalrecife.com.br\/projetos\/london-toys\/wp-content\/uploads\/2023\/01\/produto.png","datePublished":"2023-01-06T19:25:15+00:00","dateModified":"2023-01-06T19:26:34+00:00","breadcrumb":{"@id":"https:\/\/www.marketingdigitalrecife.com.br\/projetos\/london-toys\/produto\/nome-do-produto-2\/#breadcrumb"},"inLanguage":"pt-BR","potentialAction":[{"@type":"ReadAction","target":["https:\/\/www.marketingdigitalrecife.com.br\/projetos\/london-toys\/produto\/nome-do-produto-2\/"]}]},{"@type":"ImageObject","inLanguage":"pt-BR","@id":"https:\/\/www.marketingdigitalrecife.com.br\/projetos\/london-toys\/produto\/nome-do-produto-2\/#primaryimage","url":"https:\/\/www.marketingdigitalrecife.com.br\/projetos\/london-toys\/wp-content\/uploads\/2023\/01\/produto.png","contentUrl":"https:\/\/www.marketingdigitalrecife.com.br\/projetos\/london-toys\/wp-content\/uploads\/2023\/01\/produto.png","width":191,"height":191},{"@type":"BreadcrumbList","@id":"https:\/\/www.marketingdigitalrecife.com.br\/projetos\/london-toys\/produto\/nome-do-produto-2\/#breadcrumb","itemListElement":[{"@type":"ListItem","position":1,"name":"Home","item":"https:\/\/www.marketingdigitalrecife.com.br\/projetos\/london-toys\/"},{"@type":"ListItem","position":2,"name":"Loja","item":"https:\/\/www.marketingdigitalrecife.com.br\/projetos\/london-toys\/loja\/"},{"@type":"ListItem","position":3,"name":"Nome do Produto"}]},{"@type":"WebSite","@id":"https:\/\/www.marketingdigitalrecife.com.br\/projetos\/london-toys\/#website","url":"https:\/\/www.marketingdigitalrecife.com.br\/projetos\/london-toys\/","name":"London Toys","description":"London Toys","potentialAction":[{"@type":"SearchAction","target":{"@type":"EntryPoint","urlTemplate":"https:\/\/www.marketingdigitalrecife.com.br\/projetos\/london-toys\/?s={search_term_string}"},"query-input":{"@type":"PropertyValueSpecification","valueRequired":true,"valueName":"search_term_string"}}],"inLanguage":"pt-BR"}]}},"_links":{"self":[{"href":"https:\/\/www.marketingdigitalrecife.com.br\/projetos\/london-toys\/wp-json\/wp\/v2\/product\/702","targetHints":{"allow":["GET"]}}],"collection":[{"href":"https:\/\/www.marketingdigitalrecife.com.br\/projetos\/london-toys\/wp-json\/wp\/v2\/product"}],"about":[{"href":"https:\/\/www.marketingdigitalrecife.com.br\/projetos\/london-toys\/wp-json\/wp\/v2\/types\/product"}],"replies":[{"embeddable":true,"href":"https:\/\/www.marketingdigitalrecife.com.br\/projetos\/london-toys\/wp-json\/wp\/v2\/comments?post=702"}],"wp:featuredmedia":[{"embeddable":true,"href":"https:\/\/www.marketingdigitalrecife.com.br\/projetos\/london-toys\/wp-json\/wp\/v2\/media\/425"}],"wp:attachment":[{"href":"https:\/\/www.marketingdigitalrecife.com.br\/projetos\/london-toys\/wp-json\/wp\/v2\/media?parent=702"}],"wp:term":[{"taxonomy":"product_brand","embeddable":true,"href":"https:\/\/www.marketingdigitalrecife.com.br\/projetos\/london-toys\/wp-json\/wp\/v2\/product_brand?post=702"},{"taxonomy":"product_cat","embeddable":true,"href":"https:\/\/www.marketingdigitalrecife.com.br\/projetos\/london-toys\/wp-json\/wp\/v2\/product_cat?post=702"},{"taxonomy":"product_tag","embeddable":true,"href":"https:\/\/www.marketingdigitalrecife.com.br\/projetos\/london-toys\/wp-json\/wp\/v2\/product_tag?post=702"},{"taxonomy":"filtro-dos-produtos-na-home","embeddable":true,"href":"https:\/\/www.marketingdigitalrecife.com.br\/projetos\/london-toys\/wp-json\/wp\/v2\/filtro-dos-produtos-na-home?post=702"},{"taxonomy":"marcas","embeddable":true,"href":"https:\/\/www.marketingdigitalrecife.com.br\/projetos\/london-toys\/wp-json\/wp\/v2\/marcas?post=702"}],"curies":[{"name":"wp","href":"https:\/\/api.w.org\/{rel}","templated":true}]}}