{"id":444,"date":"2023-01-04T15:47:33","date_gmt":"2023-01-04T18:47:33","guid":{"rendered":"https:\/\/www.marketingdigitalrecife.com.br\/projetos\/london-toys\/?page_id=444"},"modified":"2023-01-09T11:20:58","modified_gmt":"2023-01-09T14:20:58","slug":"blog","status":"publish","type":"page","link":"https:\/\/www.marketingdigitalrecife.com.br\/projetos\/london-toys\/blog\/","title":{"rendered":"blog"},"content":{"rendered":"\t\t<div data-elementor-type=\"wp-page\" data-elementor-id=\"444\" class=\"elementor elementor-444\" data-elementor-post-type=\"page\">\n\t\t\t\t<div class=\"elementor-element elementor-element-9405444 e-flex e-con-boxed e-con e-parent\" data-id=\"9405444\" data-element_type=\"container\">\n\t\t\t\t\t<div class=\"e-con-inner\">\n\t\t\t\t<div class=\"elementor-element elementor-element-7850b39 elementor-widget elementor-widget-heading\" data-id=\"7850b39\" data-element_type=\"widget\" data-widget_type=\"heading.default\">\n\t\t\t\t<div class=\"elementor-widget-container\">\n\t\t\t\t\t<h2 class=\"elementor-heading-title elementor-size-default\">Blog<\/h2>\t\t\t\t<\/div>\n\t\t\t\t<\/div>\n\t\t\t\t<div class=\"elementor-element elementor-element-f188a2e elementor-grid-tablet-3 elementor-grid-mobile-2 elementor-posts--align-left elementor-grid-3 elementor-posts--thumbnail-top elementor-widget elementor-widget-posts\" data-id=\"f188a2e\" data-element_type=\"widget\" data-settings=\"{&quot;classic_columns_tablet&quot;:&quot;3&quot;,&quot;classic_columns_mobile&quot;:&quot;2&quot;,&quot;classic_columns&quot;:&quot;3&quot;,&quot;classic_row_gap&quot;:{&quot;unit&quot;:&quot;px&quot;,&quot;size&quot;:35,&quot;sizes&quot;:[]},&quot;classic_row_gap_tablet&quot;:{&quot;unit&quot;:&quot;px&quot;,&quot;size&quot;:&quot;&quot;,&quot;sizes&quot;:[]},&quot;classic_row_gap_mobile&quot;:{&quot;unit&quot;:&quot;px&quot;,&quot;size&quot;:&quot;&quot;,&quot;sizes&quot;:[]}}\" data-widget_type=\"posts.classic\">\n\t\t\t\t<div class=\"elementor-widget-container\">\n\t\t\t\t\t\t\t<div class=\"elementor-posts-container elementor-posts elementor-posts--skin-classic elementor-grid\" role=\"list\">\n\t\t\t\t<article class=\"elementor-post elementor-grid-item post-838 post type-post status-publish format-standard has-post-thumbnail hentry category-uncategorized wpbf-post\" role=\"listitem\">\n\t\t\t\t<a class=\"elementor-post__thumbnail__link\" href=\"https:\/\/www.marketingdigitalrecife.com.br\/projetos\/london-toys\/este-e-um-titulo-provisorio-e-ficticio-4\/\" tabindex=\"-1\" >\n\t\t\t<div class=\"elementor-post__thumbnail\"><img fetchpriority=\"high\" decoding=\"async\" width=\"300\" height=\"220\" src=\"https:\/\/www.marketingdigitalrecife.com.br\/projetos\/london-toys\/wp-content\/uploads\/2023\/01\/blog-300x220.png\" class=\"attachment-medium size-medium wp-image-834\" alt=\"\" srcset=\"https:\/\/www.marketingdigitalrecife.com.br\/projetos\/london-toys\/wp-content\/uploads\/2023\/01\/blog-300x220.png 300w, https:\/\/www.marketingdigitalrecife.com.br\/projetos\/london-toys\/wp-content\/uploads\/2023\/01\/blog.png 349w\" sizes=\"(max-width: 300px) 100vw, 300px\" \/><\/div>\n\t\t<\/a>\n\t\t\t\t<div class=\"elementor-post__text\">\n\t\t\t\t<h3 class=\"elementor-post__title\">\n\t\t\t<a href=\"https:\/\/www.marketingdigitalrecife.com.br\/projetos\/london-toys\/este-e-um-titulo-provisorio-e-ficticio-4\/\" >\n\t\t\t\tESTE \u00c9 UM T\u00cdTULO PROVIS\u00d3RIO E FICT\u00cdCIO\t\t\t<\/a>\n\t\t<\/h3>\n\t\t\t\t<div class=\"elementor-post__excerpt\">\n\t\t\t<p>Este \u00e9 um texto meramente fict\u00edcio \u2013 que est\u00e1 sendo usado como demonstrativo do local que seus TEXTOS OFICIAIS ficar\u00e3o. \u00c9 de inteira responsabilidade do cliente que essas \u00e1reas sejam preenchidas com informa\u00e7\u00f5es repassadas ao SETOR DE CRIA\u00c7\u00c3O.<\/p>\n\t\t<\/div>\n\t\t\n\t\t<a class=\"elementor-post__read-more\" href=\"https:\/\/www.marketingdigitalrecife.com.br\/projetos\/london-toys\/este-e-um-titulo-provisorio-e-ficticio-4\/\" aria-label=\"Leia mais sobre ESTE \u00c9 UM T\u00cdTULO PROVIS\u00d3RIO E FICT\u00cdCIO\" tabindex=\"-1\" >\n\t\t\tSaiba Mais &gt;&gt;\t\t<\/a>\n\n\t\t\t\t<\/div>\n\t\t\t\t<\/article>\n\t\t\t\t<article class=\"elementor-post elementor-grid-item post-837 post type-post status-publish format-standard has-post-thumbnail hentry category-uncategorized wpbf-post\" role=\"listitem\">\n\t\t\t\t<a class=\"elementor-post__thumbnail__link\" href=\"https:\/\/www.marketingdigitalrecife.com.br\/projetos\/london-toys\/este-e-um-titulo-provisorio-e-ficticio-3\/\" tabindex=\"-1\" >\n\t\t\t<div class=\"elementor-post__thumbnail\"><img fetchpriority=\"high\" decoding=\"async\" width=\"300\" height=\"220\" src=\"https:\/\/www.marketingdigitalrecife.com.br\/projetos\/london-toys\/wp-content\/uploads\/2023\/01\/blog-300x220.png\" class=\"attachment-medium size-medium wp-image-834\" alt=\"\" srcset=\"https:\/\/www.marketingdigitalrecife.com.br\/projetos\/london-toys\/wp-content\/uploads\/2023\/01\/blog-300x220.png 300w, https:\/\/www.marketingdigitalrecife.com.br\/projetos\/london-toys\/wp-content\/uploads\/2023\/01\/blog.png 349w\" sizes=\"(max-width: 300px) 100vw, 300px\" \/><\/div>\n\t\t<\/a>\n\t\t\t\t<div class=\"elementor-post__text\">\n\t\t\t\t<h3 class=\"elementor-post__title\">\n\t\t\t<a href=\"https:\/\/www.marketingdigitalrecife.com.br\/projetos\/london-toys\/este-e-um-titulo-provisorio-e-ficticio-3\/\" >\n\t\t\t\tESTE \u00c9 UM T\u00cdTULO PROVIS\u00d3RIO E FICT\u00cdCIO\t\t\t<\/a>\n\t\t<\/h3>\n\t\t\t\t<div class=\"elementor-post__excerpt\">\n\t\t\t<p>Este \u00e9 um texto meramente fict\u00edcio \u2013 que est\u00e1 sendo usado como demonstrativo do local que seus TEXTOS OFICIAIS ficar\u00e3o. \u00c9 de inteira responsabilidade do cliente que essas \u00e1reas sejam preenchidas com informa\u00e7\u00f5es repassadas ao SETOR DE CRIA\u00c7\u00c3O.<\/p>\n\t\t<\/div>\n\t\t\n\t\t<a class=\"elementor-post__read-more\" href=\"https:\/\/www.marketingdigitalrecife.com.br\/projetos\/london-toys\/este-e-um-titulo-provisorio-e-ficticio-3\/\" aria-label=\"Leia mais sobre ESTE \u00c9 UM T\u00cdTULO PROVIS\u00d3RIO E FICT\u00cdCIO\" tabindex=\"-1\" >\n\t\t\tSaiba Mais &gt;&gt;\t\t<\/a>\n\n\t\t\t\t<\/div>\n\t\t\t\t<\/article>\n\t\t\t\t<article class=\"elementor-post elementor-grid-item post-839 post type-post status-publish format-standard has-post-thumbnail hentry category-uncategorized wpbf-post\" role=\"listitem\">\n\t\t\t\t<a class=\"elementor-post__thumbnail__link\" href=\"https:\/\/www.marketingdigitalrecife.com.br\/projetos\/london-toys\/este-e-um-titulo-provisorio-e-ficticio-2\/\" tabindex=\"-1\" >\n\t\t\t<div class=\"elementor-post__thumbnail\"><img fetchpriority=\"high\" decoding=\"async\" width=\"300\" height=\"220\" src=\"https:\/\/www.marketingdigitalrecife.com.br\/projetos\/london-toys\/wp-content\/uploads\/2023\/01\/blog-300x220.png\" class=\"attachment-medium size-medium wp-image-834\" alt=\"\" srcset=\"https:\/\/www.marketingdigitalrecife.com.br\/projetos\/london-toys\/wp-content\/uploads\/2023\/01\/blog-300x220.png 300w, https:\/\/www.marketingdigitalrecife.com.br\/projetos\/london-toys\/wp-content\/uploads\/2023\/01\/blog.png 349w\" sizes=\"(max-width: 300px) 100vw, 300px\" \/><\/div>\n\t\t<\/a>\n\t\t\t\t<div class=\"elementor-post__text\">\n\t\t\t\t<h3 class=\"elementor-post__title\">\n\t\t\t<a href=\"https:\/\/www.marketingdigitalrecife.com.br\/projetos\/london-toys\/este-e-um-titulo-provisorio-e-ficticio-2\/\" >\n\t\t\t\tESTE \u00c9 UM T\u00cdTULO PROVIS\u00d3RIO E FICT\u00cdCIO\t\t\t<\/a>\n\t\t<\/h3>\n\t\t\t\t<div class=\"elementor-post__excerpt\">\n\t\t\t<p>Este \u00e9 um texto meramente fict\u00edcio \u2013 que est\u00e1 sendo usado como demonstrativo do local que seus TEXTOS OFICIAIS ficar\u00e3o. \u00c9 de inteira responsabilidade do cliente que essas \u00e1reas sejam preenchidas com informa\u00e7\u00f5es repassadas ao SETOR DE CRIA\u00c7\u00c3O.<\/p>\n\t\t<\/div>\n\t\t\n\t\t<a class=\"elementor-post__read-more\" href=\"https:\/\/www.marketingdigitalrecife.com.br\/projetos\/london-toys\/este-e-um-titulo-provisorio-e-ficticio-2\/\" aria-label=\"Leia mais sobre ESTE \u00c9 UM T\u00cdTULO PROVIS\u00d3RIO E FICT\u00cdCIO\" tabindex=\"-1\" >\n\t\t\tSaiba Mais &gt;&gt;\t\t<\/a>\n\n\t\t\t\t<\/div>\n\t\t\t\t<\/article>\n\t\t\t\t<article class=\"elementor-post elementor-grid-item post-833 post type-post status-publish format-standard has-post-thumbnail hentry category-uncategorized wpbf-post\" role=\"listitem\">\n\t\t\t\t<a class=\"elementor-post__thumbnail__link\" href=\"https:\/\/www.marketingdigitalrecife.com.br\/projetos\/london-toys\/este-e-um-titulo-provisorio-e-ficticio\/\" tabindex=\"-1\" >\n\t\t\t<div class=\"elementor-post__thumbnail\"><img fetchpriority=\"high\" decoding=\"async\" width=\"300\" height=\"220\" src=\"https:\/\/www.marketingdigitalrecife.com.br\/projetos\/london-toys\/wp-content\/uploads\/2023\/01\/blog-300x220.png\" class=\"attachment-medium size-medium wp-image-834\" alt=\"\" srcset=\"https:\/\/www.marketingdigitalrecife.com.br\/projetos\/london-toys\/wp-content\/uploads\/2023\/01\/blog-300x220.png 300w, https:\/\/www.marketingdigitalrecife.com.br\/projetos\/london-toys\/wp-content\/uploads\/2023\/01\/blog.png 349w\" sizes=\"(max-width: 300px) 100vw, 300px\" \/><\/div>\n\t\t<\/a>\n\t\t\t\t<div class=\"elementor-post__text\">\n\t\t\t\t<h3 class=\"elementor-post__title\">\n\t\t\t<a href=\"https:\/\/www.marketingdigitalrecife.com.br\/projetos\/london-toys\/este-e-um-titulo-provisorio-e-ficticio\/\" >\n\t\t\t\tESTE \u00c9 UM T\u00cdTULO PROVIS\u00d3RIO E FICT\u00cdCIO\t\t\t<\/a>\n\t\t<\/h3>\n\t\t\t\t<div class=\"elementor-post__excerpt\">\n\t\t\t<p>Este \u00e9 um texto meramente fict\u00edcio \u2013 que est\u00e1 sendo usado como demonstrativo do local que seus TEXTOS OFICIAIS ficar\u00e3o. \u00c9 de inteira responsabilidade do cliente que essas \u00e1reas sejam preenchidas com informa\u00e7\u00f5es repassadas ao SETOR DE CRIA\u00c7\u00c3O.<\/p>\n\t\t<\/div>\n\t\t\n\t\t<a class=\"elementor-post__read-more\" href=\"https:\/\/www.marketingdigitalrecife.com.br\/projetos\/london-toys\/este-e-um-titulo-provisorio-e-ficticio\/\" aria-label=\"Leia mais sobre ESTE \u00c9 UM T\u00cdTULO PROVIS\u00d3RIO E FICT\u00cdCIO\" tabindex=\"-1\" >\n\t\t\tSaiba Mais &gt;&gt;\t\t<\/a>\n\n\t\t\t\t<\/div>\n\t\t\t\t<\/article>\n\t\t\t\t<\/div>\n\t\t\n\t\t\t\t\t\t<\/div>\n\t\t\t\t<\/div>\n\t\t\t\t\t<\/div>\n\t\t\t\t<\/div>\n\t\t\t\t<\/div>\n\t\t","protected":false},"excerpt":{"rendered":"<p>Blog<\/p>\n","protected":false},"author":1,"featured_media":0,"parent":0,"menu_order":0,"comment_status":"closed","ping_status":"closed","template":"elementor_header_footer","meta":{"_joinchat":[],"footnotes":""},"class_list":["post-444","page","type-page","status-publish","hentry","wpbf-post"],"yoast_head":"<!-- This site is optimized with the Yoast SEO plugin v26.1.1 - https:\/\/yoast.com\/wordpress\/plugins\/seo\/ -->\n<title>blog - London Toys<\/title>\n<meta name=\"robots\" content=\"index, follow, max-snippet:-1, max-image-preview:large, max-video-preview:-1\" \/>\n<link rel=\"canonical\" href=\"https:\/\/www.marketingdigitalrecife.com.br\/projetos\/london-toys\/blog\/\" \/>\n<meta property=\"og:locale\" content=\"pt_BR\" \/>\n<meta property=\"og:type\" content=\"article\" \/>\n<meta property=\"og:title\" content=\"blog - London Toys\" \/>\n<meta property=\"og:description\" content=\"Blog\" \/>\n<meta property=\"og:url\" content=\"https:\/\/www.marketingdigitalrecife.com.br\/projetos\/london-toys\/blog\/\" \/>\n<meta property=\"og:site_name\" content=\"London Toys\" \/>\n<meta property=\"article:modified_time\" content=\"2023-01-09T14:20:58+00:00\" \/>\n<meta name=\"twitter:card\" content=\"summary_large_image\" \/>\n<meta name=\"twitter:label1\" content=\"Est. tempo de leitura\" \/>\n\t<meta name=\"twitter:data1\" content=\"2 minutos\" \/>\n<script type=\"application\/ld+json\" class=\"yoast-schema-graph\">{\"@context\":\"https:\/\/schema.org\",\"@graph\":[{\"@type\":\"WebPage\",\"@id\":\"https:\/\/www.marketingdigitalrecife.com.br\/projetos\/london-toys\/blog\/\",\"url\":\"https:\/\/www.marketingdigitalrecife.com.br\/projetos\/london-toys\/blog\/\",\"name\":\"blog - London Toys\",\"isPartOf\":{\"@id\":\"https:\/\/www.marketingdigitalrecife.com.br\/projetos\/london-toys\/#website\"},\"datePublished\":\"2023-01-04T18:47:33+00:00\",\"dateModified\":\"2023-01-09T14:20:58+00:00\",\"breadcrumb\":{\"@id\":\"https:\/\/www.marketingdigitalrecife.com.br\/projetos\/london-toys\/blog\/#breadcrumb\"},\"inLanguage\":\"pt-BR\",\"potentialAction\":[{\"@type\":\"ReadAction\",\"target\":[\"https:\/\/www.marketingdigitalrecife.com.br\/projetos\/london-toys\/blog\/\"]}]},{\"@type\":\"BreadcrumbList\",\"@id\":\"https:\/\/www.marketingdigitalrecife.com.br\/projetos\/london-toys\/blog\/#breadcrumb\",\"itemListElement\":[{\"@type\":\"ListItem\",\"position\":1,\"name\":\"Home\",\"item\":\"https:\/\/www.marketingdigitalrecife.com.br\/projetos\/london-toys\/\"},{\"@type\":\"ListItem\",\"position\":2,\"name\":\"blog\"}]},{\"@type\":\"WebSite\",\"@id\":\"https:\/\/www.marketingdigitalrecife.com.br\/projetos\/london-toys\/#website\",\"url\":\"https:\/\/www.marketingdigitalrecife.com.br\/projetos\/london-toys\/\",\"name\":\"London Toys\",\"description\":\"London Toys\",\"potentialAction\":[{\"@type\":\"SearchAction\",\"target\":{\"@type\":\"EntryPoint\",\"urlTemplate\":\"https:\/\/www.marketingdigitalrecife.com.br\/projetos\/london-toys\/?s={search_term_string}\"},\"query-input\":{\"@type\":\"PropertyValueSpecification\",\"valueRequired\":true,\"valueName\":\"search_term_string\"}}],\"inLanguage\":\"pt-BR\"}]}<\/script>\n<!-- \/ Yoast SEO plugin. -->","yoast_head_json":{"title":"blog - London Toys","robots":{"index":"index","follow":"follow","max-snippet":"max-snippet:-1","max-image-preview":"max-image-preview:large","max-video-preview":"max-video-preview:-1"},"canonical":"https:\/\/www.marketingdigitalrecife.com.br\/projetos\/london-toys\/blog\/","og_locale":"pt_BR","og_type":"article","og_title":"blog - London Toys","og_description":"Blog","og_url":"https:\/\/www.marketingdigitalrecife.com.br\/projetos\/london-toys\/blog\/","og_site_name":"London Toys","article_modified_time":"2023-01-09T14:20:58+00:00","twitter_card":"summary_large_image","twitter_misc":{"Est. tempo de leitura":"2 minutos"},"schema":{"@context":"https:\/\/schema.org","@graph":[{"@type":"WebPage","@id":"https:\/\/www.marketingdigitalrecife.com.br\/projetos\/london-toys\/blog\/","url":"https:\/\/www.marketingdigitalrecife.com.br\/projetos\/london-toys\/blog\/","name":"blog - London Toys","isPartOf":{"@id":"https:\/\/www.marketingdigitalrecife.com.br\/projetos\/london-toys\/#website"},"datePublished":"2023-01-04T18:47:33+00:00","dateModified":"2023-01-09T14:20:58+00:00","breadcrumb":{"@id":"https:\/\/www.marketingdigitalrecife.com.br\/projetos\/london-toys\/blog\/#breadcrumb"},"inLanguage":"pt-BR","potentialAction":[{"@type":"ReadAction","target":["https:\/\/www.marketingdigitalrecife.com.br\/projetos\/london-toys\/blog\/"]}]},{"@type":"BreadcrumbList","@id":"https:\/\/www.marketingdigitalrecife.com.br\/projetos\/london-toys\/blog\/#breadcrumb","itemListElement":[{"@type":"ListItem","position":1,"name":"Home","item":"https:\/\/www.marketingdigitalrecife.com.br\/projetos\/london-toys\/"},{"@type":"ListItem","position":2,"name":"blog"}]},{"@type":"WebSite","@id":"https:\/\/www.marketingdigitalrecife.com.br\/projetos\/london-toys\/#website","url":"https:\/\/www.marketingdigitalrecife.com.br\/projetos\/london-toys\/","name":"London Toys","description":"London Toys","potentialAction":[{"@type":"SearchAction","target":{"@type":"EntryPoint","urlTemplate":"https:\/\/www.marketingdigitalrecife.com.br\/projetos\/london-toys\/?s={search_term_string}"},"query-input":{"@type":"PropertyValueSpecification","valueRequired":true,"valueName":"search_term_string"}}],"inLanguage":"pt-BR"}]}},"_links":{"self":[{"href":"https:\/\/www.marketingdigitalrecife.com.br\/projetos\/london-toys\/wp-json\/wp\/v2\/pages\/444","targetHints":{"allow":["GET"]}}],"collection":[{"href":"https:\/\/www.marketingdigitalrecife.com.br\/projetos\/london-toys\/wp-json\/wp\/v2\/pages"}],"about":[{"href":"https:\/\/www.marketingdigitalrecife.com.br\/projetos\/london-toys\/wp-json\/wp\/v2\/types\/page"}],"author":[{"embeddable":true,"href":"https:\/\/www.marketingdigitalrecife.com.br\/projetos\/london-toys\/wp-json\/wp\/v2\/users\/1"}],"replies":[{"embeddable":true,"href":"https:\/\/www.marketingdigitalrecife.com.br\/projetos\/london-toys\/wp-json\/wp\/v2\/comments?post=444"}],"version-history":[{"count":4,"href":"https:\/\/www.marketingdigitalrecife.com.br\/projetos\/london-toys\/wp-json\/wp\/v2\/pages\/444\/revisions"}],"predecessor-version":[{"id":845,"href":"https:\/\/www.marketingdigitalrecife.com.br\/projetos\/london-toys\/wp-json\/wp\/v2\/pages\/444\/revisions\/845"}],"wp:attachment":[{"href":"https:\/\/www.marketingdigitalrecife.com.br\/projetos\/london-toys\/wp-json\/wp\/v2\/media?parent=444"}],"curies":[{"name":"wp","href":"https:\/\/api.w.org\/{rel}","templated":true}]}}